{"id":943,"date":"2016-06-12T15:00:43","date_gmt":"2016-06-12T15:00:43","guid":{"rendered":"http:\/\/josmaequipamiento.es\/?post_type=product&#038;p=943"},"modified":"2016-07-30T17:28:33","modified_gmt":"2016-07-30T17:28:33","slug":"equipamiento-infantil-guarderias","status":"publish","type":"product","link":"https:\/\/josmaequipamiento.es\/?product=equipamiento-infantil-guarderias","title":{"rendered":"Mobiliario  Infantil"},"content":{"rendered":"<p><span style=\"color: #000000; font-family: Calibri; font-size: medium;\">Armario fabricado en tablero melaminizado.<\/span><\/p>\n<p><span style=\"color: #000000; font-family: Calibri; font-size: medium;\">El cuerpo tendr\u00e1 un espesor de 19 mm., y la trasera de 8mm. Dispondr\u00e1 de patas de PVC con nivelador interior.<\/span><\/p>\n<p><span style=\"color: #000000; font-family: Calibri; font-size: medium;\">Estantes de 19mrn, canteados en PVC.<\/span><\/p>\n<p><span style=\"color: #000000; font-family: Calibri; font-size: medium;\">Puertas en 19mrn, equipados con tiradores de PVC en color amarillo o verde.<\/span><\/p>\n<p><span style=\"color: #000000; font-family: Calibri; font-size: medium;\">Llevar\u00e1n bisagras superacodadas, antiatrapamiento.<\/span><\/p>\n<p><span style=\"color: #000000; font-family: Calibri; font-size: medium;\">Los gaveteros podr\u00e1n alojar gavetas de dos alturas (No incluidas en el precio)<\/span><\/p>\n<p><span style=\"color: #000000; font-family: Calibri; font-size: medium;\">Los armarios a partir de 1.480 mm de altura, ir\u00e1n provistos de tacos y herraje para la fijaci\u00f3n a la pared <\/span><\/p>\n<p><span style=\"color: #000000; font-family: Calibri; font-size: medium;\">Acabados cuerpo: en Haya. <\/span><\/p>\n<p><span style=\"color: #000000; font-family: Calibri; font-size: medium;\">Acabado frentes encimeras y comunes: Amarillo, Rojo, Naranja, Azul, Verde Oscuro y Verde Claro<\/span><\/p>\n","protected":false},"excerpt":{"rendered":"<p><span style=\"color: #000000; font-family: Calibri; font-size: medium;\">Mobiliario infantil de guarder\u00edas especializado para configurar instalaciones educativas y de guarder\u00eda con todo tipo complementos que se puedan necesitar. Mesas y sillas en diferentes colores, con patas de metal o de madera y que\u00a0\u00a0as\u00ed como una gran durabilidad.<\/span><\/p>\n<p><span style=\"color: #000000; font-family: Calibri; font-size: medium;\">Disponemos de varias opciones y podemos cubrir las necesidades de cualquier instalaci\u00f3n dise\u00f1ando un espacio <strong>\u00fanico capaz de motivar<\/strong> a los m\u00e1s peque\u00f1os y cubrir todas sus necesidades, as\u00ed como las de sus profesores y cuidadores.<\/span><\/p>\n","protected":false},"featured_media":1051,"comment_status":"open","ping_status":"closed","template":"","meta":{"_et_pb_use_builder":"","_et_pb_old_content":"","_et_gb_content_width":""},"product_brand":[],"product_cat":[77,82],"product_tag":[191],"class_list":{"0":"post-943","1":"product","2":"type-product","3":"status-publish","4":"has-post-thumbnail","6":"product_cat-instalacion-y-colectividades","7":"product_cat-escolar-infantil","8":"product_tag-mobiliaro-escolar","10":"first","11":"instock","12":"shipping-taxable","13":"product-type-simple"},"yoast_head":"<!-- This site is optimized with the Yoast SEO plugin v27.3 - https:\/\/yoast.com\/product\/yoast-seo-wordpress\/ -->\n<title>Mobiliario Infantil - Josma Equipamiento<\/title>\n<meta name=\"robots\" content=\"index, follow, max-snippet:-1, max-image-preview:large, max-video-preview:-1\" \/>\n<link rel=\"canonical\" href=\"https:\/\/josmaequipamiento.es\/?product=equipamiento-infantil-guarderias\" \/>\n<meta property=\"og:locale\" content=\"es_ES\" \/>\n<meta property=\"og:type\" content=\"article\" \/>\n<meta property=\"og:title\" content=\"Mobiliario Infantil - Josma Equipamiento\" \/>\n<meta property=\"og:description\" content=\"Mobiliario infantil de guarder\u00edas especializado para configurar instalaciones educativas y de guarder\u00eda con todo tipo complementos que se puedan necesitar. Mesas y sillas en diferentes colores, con patas de metal o de madera y que\u00a0\u00a0as\u00ed como una gran durabilidad.  Disponemos de varias opciones y podemos cubrir las necesidades de cualquier instalaci\u00f3n dise\u00f1ando un espacio \u00fanico capaz de motivar a los m\u00e1s peque\u00f1os y cubrir todas sus necesidades, as\u00ed como las de sus profesores y cuidadores.\" \/>\n<meta property=\"og:url\" content=\"https:\/\/josmaequipamiento.es\/?product=equipamiento-infantil-guarderias\" \/>\n<meta property=\"og:site_name\" content=\"Josma Equipamiento\" \/>\n<meta property=\"article:modified_time\" content=\"2016-07-30T17:28:33+00:00\" \/>\n<meta property=\"og:image\" content=\"https:\/\/josmaequipamiento.es\/wp-content\/uploads\/2016\/06\/colec-escolar.jpg\" \/>\n\t<meta property=\"og:image:width\" content=\"640\" \/>\n\t<meta property=\"og:image:height\" content=\"480\" \/>\n\t<meta property=\"og:image:type\" content=\"image\/jpeg\" \/>\n<meta name=\"twitter:card\" content=\"summary_large_image\" \/>\n<meta name=\"twitter:label1\" content=\"Tiempo de lectura\" \/>\n\t<meta name=\"twitter:data1\" content=\"1 minuto\" \/>\n<script type=\"application\/ld+json\" class=\"yoast-schema-graph\">{\"@context\":\"https:\\\/\\\/schema.org\",\"@graph\":[{\"@type\":\"WebPage\",\"@id\":\"https:\\\/\\\/josmaequipamiento.es\\\/?product=equipamiento-infantil-guarderias\",\"url\":\"https:\\\/\\\/josmaequipamiento.es\\\/?product=equipamiento-infantil-guarderias\",\"name\":\"Mobiliario Infantil - Josma Equipamiento\",\"isPartOf\":{\"@id\":\"http:\\\/\\\/josmaequipamiento.es\\\/#website\"},\"primaryImageOfPage\":{\"@id\":\"https:\\\/\\\/josmaequipamiento.es\\\/?product=equipamiento-infantil-guarderias#primaryimage\"},\"image\":{\"@id\":\"https:\\\/\\\/josmaequipamiento.es\\\/?product=equipamiento-infantil-guarderias#primaryimage\"},\"thumbnailUrl\":\"https:\\\/\\\/josmaequipamiento.es\\\/wp-content\\\/uploads\\\/2016\\\/06\\\/colec-escolar.jpg\",\"datePublished\":\"2016-06-12T15:00:43+00:00\",\"dateModified\":\"2016-07-30T17:28:33+00:00\",\"breadcrumb\":{\"@id\":\"https:\\\/\\\/josmaequipamiento.es\\\/?product=equipamiento-infantil-guarderias#breadcrumb\"},\"inLanguage\":\"es\",\"potentialAction\":[{\"@type\":\"ReadAction\",\"target\":[\"https:\\\/\\\/josmaequipamiento.es\\\/?product=equipamiento-infantil-guarderias\"]}]},{\"@type\":\"ImageObject\",\"inLanguage\":\"es\",\"@id\":\"https:\\\/\\\/josmaequipamiento.es\\\/?product=equipamiento-infantil-guarderias#primaryimage\",\"url\":\"https:\\\/\\\/josmaequipamiento.es\\\/wp-content\\\/uploads\\\/2016\\\/06\\\/colec-escolar.jpg\",\"contentUrl\":\"https:\\\/\\\/josmaequipamiento.es\\\/wp-content\\\/uploads\\\/2016\\\/06\\\/colec-escolar.jpg\",\"width\":640,\"height\":480},{\"@type\":\"BreadcrumbList\",\"@id\":\"https:\\\/\\\/josmaequipamiento.es\\\/?product=equipamiento-infantil-guarderias#breadcrumb\",\"itemListElement\":[{\"@type\":\"ListItem\",\"position\":1,\"name\":\"Home\",\"item\":\"http:\\\/\\\/josmaequipamiento.es\\\/\"},{\"@type\":\"ListItem\",\"position\":2,\"name\":\"Productos\",\"item\":\"http:\\\/\\\/josmaequipamiento.es\\\/?page_id=109\"},{\"@type\":\"ListItem\",\"position\":3,\"name\":\"Mobiliario Infantil\"}]},{\"@type\":\"WebSite\",\"@id\":\"http:\\\/\\\/josmaequipamiento.es\\\/#website\",\"url\":\"http:\\\/\\\/josmaequipamiento.es\\\/\",\"name\":\"Josma Equipamiento\",\"description\":\"Todo lo relativo a equipamiento\",\"potentialAction\":[{\"@type\":\"SearchAction\",\"target\":{\"@type\":\"EntryPoint\",\"urlTemplate\":\"http:\\\/\\\/josmaequipamiento.es\\\/?s={search_term_string}\"},\"query-input\":{\"@type\":\"PropertyValueSpecification\",\"valueRequired\":true,\"valueName\":\"search_term_string\"}}],\"inLanguage\":\"es\"}]}<\/script>\n<!-- \/ Yoast SEO plugin. -->","yoast_head_json":{"title":"Mobiliario Infantil - Josma Equipamiento","robots":{"index":"index","follow":"follow","max-snippet":"max-snippet:-1","max-image-preview":"max-image-preview:large","max-video-preview":"max-video-preview:-1"},"canonical":"https:\/\/josmaequipamiento.es\/?product=equipamiento-infantil-guarderias","og_locale":"es_ES","og_type":"article","og_title":"Mobiliario Infantil - Josma Equipamiento","og_description":"Mobiliario infantil de guarder\u00edas especializado para configurar instalaciones educativas y de guarder\u00eda con todo tipo complementos que se puedan necesitar. Mesas y sillas en diferentes colores, con patas de metal o de madera y que\u00a0\u00a0as\u00ed como una gran durabilidad.  Disponemos de varias opciones y podemos cubrir las necesidades de cualquier instalaci\u00f3n dise\u00f1ando un espacio \u00fanico capaz de motivar a los m\u00e1s peque\u00f1os y cubrir todas sus necesidades, as\u00ed como las de sus profesores y cuidadores.","og_url":"https:\/\/josmaequipamiento.es\/?product=equipamiento-infantil-guarderias","og_site_name":"Josma Equipamiento","article_modified_time":"2016-07-30T17:28:33+00:00","og_image":[{"width":640,"height":480,"url":"https:\/\/josmaequipamiento.es\/wp-content\/uploads\/2016\/06\/colec-escolar.jpg","type":"image\/jpeg"}],"twitter_card":"summary_large_image","twitter_misc":{"Tiempo de lectura":"1 minuto"},"schema":{"@context":"https:\/\/schema.org","@graph":[{"@type":"WebPage","@id":"https:\/\/josmaequipamiento.es\/?product=equipamiento-infantil-guarderias","url":"https:\/\/josmaequipamiento.es\/?product=equipamiento-infantil-guarderias","name":"Mobiliario Infantil - Josma Equipamiento","isPartOf":{"@id":"http:\/\/josmaequipamiento.es\/#website"},"primaryImageOfPage":{"@id":"https:\/\/josmaequipamiento.es\/?product=equipamiento-infantil-guarderias#primaryimage"},"image":{"@id":"https:\/\/josmaequipamiento.es\/?product=equipamiento-infantil-guarderias#primaryimage"},"thumbnailUrl":"https:\/\/josmaequipamiento.es\/wp-content\/uploads\/2016\/06\/colec-escolar.jpg","datePublished":"2016-06-12T15:00:43+00:00","dateModified":"2016-07-30T17:28:33+00:00","breadcrumb":{"@id":"https:\/\/josmaequipamiento.es\/?product=equipamiento-infantil-guarderias#breadcrumb"},"inLanguage":"es","potentialAction":[{"@type":"ReadAction","target":["https:\/\/josmaequipamiento.es\/?product=equipamiento-infantil-guarderias"]}]},{"@type":"ImageObject","inLanguage":"es","@id":"https:\/\/josmaequipamiento.es\/?product=equipamiento-infantil-guarderias#primaryimage","url":"https:\/\/josmaequipamiento.es\/wp-content\/uploads\/2016\/06\/colec-escolar.jpg","contentUrl":"https:\/\/josmaequipamiento.es\/wp-content\/uploads\/2016\/06\/colec-escolar.jpg","width":640,"height":480},{"@type":"BreadcrumbList","@id":"https:\/\/josmaequipamiento.es\/?product=equipamiento-infantil-guarderias#breadcrumb","itemListElement":[{"@type":"ListItem","position":1,"name":"Home","item":"http:\/\/josmaequipamiento.es\/"},{"@type":"ListItem","position":2,"name":"Productos","item":"http:\/\/josmaequipamiento.es\/?page_id=109"},{"@type":"ListItem","position":3,"name":"Mobiliario Infantil"}]},{"@type":"WebSite","@id":"http:\/\/josmaequipamiento.es\/#website","url":"http:\/\/josmaequipamiento.es\/","name":"Josma Equipamiento","description":"Todo lo relativo a equipamiento","potentialAction":[{"@type":"SearchAction","target":{"@type":"EntryPoint","urlTemplate":"http:\/\/josmaequipamiento.es\/?s={search_term_string}"},"query-input":{"@type":"PropertyValueSpecification","valueRequired":true,"valueName":"search_term_string"}}],"inLanguage":"es"}]}},"_links":{"self":[{"href":"https:\/\/josmaequipamiento.es\/index.php?rest_route=\/wp\/v2\/product\/943","targetHints":{"allow":["GET"]}}],"collection":[{"href":"https:\/\/josmaequipamiento.es\/index.php?rest_route=\/wp\/v2\/product"}],"about":[{"href":"https:\/\/josmaequipamiento.es\/index.php?rest_route=\/wp\/v2\/types\/product"}],"replies":[{"embeddable":true,"href":"https:\/\/josmaequipamiento.es\/index.php?rest_route=%2Fwp%2Fv2%2Fcomments&post=943"}],"wp:featuredmedia":[{"embeddable":true,"href":"https:\/\/josmaequipamiento.es\/index.php?rest_route=\/wp\/v2\/media\/1051"}],"wp:attachment":[{"href":"https:\/\/josmaequipamiento.es\/index.php?rest_route=%2Fwp%2Fv2%2Fmedia&parent=943"}],"wp:term":[{"taxonomy":"product_brand","embeddable":true,"href":"https:\/\/josmaequipamiento.es\/index.php?rest_route=%2Fwp%2Fv2%2Fproduct_brand&post=943"},{"taxonomy":"product_cat","embeddable":true,"href":"https:\/\/josmaequipamiento.es\/index.php?rest_route=%2Fwp%2Fv2%2Fproduct_cat&post=943"},{"taxonomy":"product_tag","embeddable":true,"href":"https:\/\/josmaequipamiento.es\/index.php?rest_route=%2Fwp%2Fv2%2Fproduct_tag&post=943"}],"curies":[{"name":"wp","href":"https:\/\/api.w.org\/{rel}","templated":true}]}}