{"id":965,"date":"2016-06-12T15:35:29","date_gmt":"2016-06-12T15:35:29","guid":{"rendered":"http:\/\/josmaequipamiento.es\/?post_type=product&#038;p=965"},"modified":"2016-07-28T10:22:39","modified_gmt":"2016-07-28T10:22:39","slug":"mesa-quatro","status":"publish","type":"product","link":"https:\/\/josmaequipamiento.es\/?product=mesa-quatro","title":{"rendered":"Mesa Quatro"},"content":{"rendered":"<p><span style=\"color: #000000; font-family: Calibri; font-size: medium;\">Mesa fabricada en tablero rectangular o trapezoidal de melamina y cantos en PVC,<\/span><\/p>\n<p><span style=\"color: #000000; font-family: Calibri; font-size: medium;\">La tapa tendr\u00e1 un espesor de 25mm y cantos de PVC de 2 mm., e ir\u00e1 unida a la estructura mediante tornillos a trav\u00e9s de los bastidores. <\/span><\/p>\n<p><span style=\"color: #000000; font-family: Calibri; font-size: medium;\">La estructura estar\u00e1 compuesta de cuatro patas met\u00e1licas redondas de \u00d850 mm o cuadradas de 40&#215;40 mm., y bastidores perimetrales de 40x20mm. <\/span><\/p>\n<p><span style=\"color: #000000; font-family: Calibri; font-size: medium;\">Todas las patas estar\u00e1n provistas de taco antideslizante de PVC, una de ellas con nivelador. <\/span><\/p>\n<p><span style=\"color: #000000; font-family: Calibri; font-size: medium;\">Colores estructura: gris, negro, grafito o blanco. Colores encimeras: blanco, gris, negro, gris antracita, arce, haya, wengue, acacia, roble o cerezo<\/span><\/p>\n<p><span style=\"color: #000000; font-family: Calibri; font-size: medium;\">Dimensiones disponibles: 1200&#215;600 mm.\/1400&#215;600 mm.\/1400&#215;800 mm.\/1600&#215;800 mm.<\/span><\/p>\n<p><span style=\"color: #000000; font-family: Calibri; font-size: medium;\">Opciones: Ruedas, Soporte para CPU, Rejilla portacables, pasacables.<\/span><\/p>\n<p><span style=\"color: #000000; font-family: Calibri; font-size: medium;\">\u00a0<\/span><\/p>\n","protected":false},"excerpt":{"rendered":"<p><span style=\"color: #000000; font-family: Calibri; font-size: medium;\">Mesa para aulas de formaci\u00f3n estructura rectangular o trapezoidal. Su estructura perimetral en tubo de 40&#215;20 mm y sus patas de tubo cuadrado de 40&#215;40 \u00f3 redondo \u00a0\u1d13 50 mm, construyen la estructura perfectamente permitiendo un uso muy prolongado sin que exista ning\u00fan tipo de movimiento en el conjunto. <\/span><\/p>\n","protected":false},"featured_media":2243,"comment_status":"open","ping_status":"closed","template":"","meta":{"_et_pb_use_builder":"","_et_pb_old_content":"","_et_gb_content_width":""},"product_brand":[],"product_cat":[77,79],"product_tag":[192],"class_list":{"0":"post-965","1":"product","2":"type-product","3":"status-publish","4":"has-post-thumbnail","6":"product_cat-instalacion-y-colectividades","7":"product_cat-aulas-de-formacion","8":"product_tag-mobiliario-aula-formacion","10":"first","11":"instock","12":"shipping-taxable","13":"product-type-simple"},"yoast_head":"<!-- This site is optimized with the Yoast SEO plugin v27.3 - https:\/\/yoast.com\/product\/yoast-seo-wordpress\/ -->\n<title>Mesa Quatro - Josma Equipamiento<\/title>\n<meta name=\"robots\" content=\"index, follow, max-snippet:-1, max-image-preview:large, max-video-preview:-1\" \/>\n<link rel=\"canonical\" href=\"http:\/\/josmaequipamiento.es\/?product=mesa-quatro\" \/>\n<meta property=\"og:locale\" content=\"es_ES\" \/>\n<meta property=\"og:type\" content=\"article\" \/>\n<meta property=\"og:title\" content=\"Mesa Quatro - Josma Equipamiento\" \/>\n<meta property=\"og:description\" content=\"Mesa para aulas de formaci\u00f3n estructura rectangular o trapezoidal. Su estructura perimetral en tubo de 40x20 mm y sus patas de tubo cuadrado de 40x40 \u00f3 redondo \u00a0\u1d13 50 mm, construyen la estructura perfectamente permitiendo un uso muy prolongado sin que exista ning\u00fan tipo de movimiento en el conjunto.\" \/>\n<meta property=\"og:url\" content=\"http:\/\/josmaequipamiento.es\/?product=mesa-quatro\" \/>\n<meta property=\"og:site_name\" content=\"Josma Equipamiento\" \/>\n<meta property=\"article:modified_time\" content=\"2016-07-28T10:22:39+00:00\" \/>\n<meta property=\"og:image\" content=\"http:\/\/josmaequipamiento.es\/wp-content\/uploads\/2016\/06\/modular_quatro_ambiente.jpg\" \/>\n\t<meta property=\"og:image:width\" content=\"640\" \/>\n\t<meta property=\"og:image:height\" content=\"480\" \/>\n\t<meta property=\"og:image:type\" content=\"image\/jpeg\" \/>\n<meta name=\"twitter:card\" content=\"summary_large_image\" \/>\n<meta name=\"twitter:label1\" content=\"Tiempo de lectura\" \/>\n\t<meta name=\"twitter:data1\" content=\"1 minuto\" \/>\n<script type=\"application\/ld+json\" class=\"yoast-schema-graph\">{\"@context\":\"https:\\\/\\\/schema.org\",\"@graph\":[{\"@type\":\"WebPage\",\"@id\":\"http:\\\/\\\/josmaequipamiento.es\\\/?product=mesa-quatro\",\"url\":\"http:\\\/\\\/josmaequipamiento.es\\\/?product=mesa-quatro\",\"name\":\"Mesa Quatro - Josma Equipamiento\",\"isPartOf\":{\"@id\":\"http:\\\/\\\/josmaequipamiento.es\\\/#website\"},\"primaryImageOfPage\":{\"@id\":\"http:\\\/\\\/josmaequipamiento.es\\\/?product=mesa-quatro#primaryimage\"},\"image\":{\"@id\":\"http:\\\/\\\/josmaequipamiento.es\\\/?product=mesa-quatro#primaryimage\"},\"thumbnailUrl\":\"https:\\\/\\\/josmaequipamiento.es\\\/wp-content\\\/uploads\\\/2016\\\/06\\\/modular_quatro_ambiente.jpg\",\"datePublished\":\"2016-06-12T15:35:29+00:00\",\"dateModified\":\"2016-07-28T10:22:39+00:00\",\"breadcrumb\":{\"@id\":\"http:\\\/\\\/josmaequipamiento.es\\\/?product=mesa-quatro#breadcrumb\"},\"inLanguage\":\"es\",\"potentialAction\":[{\"@type\":\"ReadAction\",\"target\":[\"http:\\\/\\\/josmaequipamiento.es\\\/?product=mesa-quatro\"]}]},{\"@type\":\"ImageObject\",\"inLanguage\":\"es\",\"@id\":\"http:\\\/\\\/josmaequipamiento.es\\\/?product=mesa-quatro#primaryimage\",\"url\":\"https:\\\/\\\/josmaequipamiento.es\\\/wp-content\\\/uploads\\\/2016\\\/06\\\/modular_quatro_ambiente.jpg\",\"contentUrl\":\"https:\\\/\\\/josmaequipamiento.es\\\/wp-content\\\/uploads\\\/2016\\\/06\\\/modular_quatro_ambiente.jpg\",\"width\":640,\"height\":480},{\"@type\":\"BreadcrumbList\",\"@id\":\"http:\\\/\\\/josmaequipamiento.es\\\/?product=mesa-quatro#breadcrumb\",\"itemListElement\":[{\"@type\":\"ListItem\",\"position\":1,\"name\":\"Home\",\"item\":\"http:\\\/\\\/josmaequipamiento.es\\\/\"},{\"@type\":\"ListItem\",\"position\":2,\"name\":\"Productos\",\"item\":\"http:\\\/\\\/josmaequipamiento.es\\\/?page_id=109\"},{\"@type\":\"ListItem\",\"position\":3,\"name\":\"Mesa Quatro\"}]},{\"@type\":\"WebSite\",\"@id\":\"http:\\\/\\\/josmaequipamiento.es\\\/#website\",\"url\":\"http:\\\/\\\/josmaequipamiento.es\\\/\",\"name\":\"Josma Equipamiento\",\"description\":\"Todo lo relativo a equipamiento\",\"potentialAction\":[{\"@type\":\"SearchAction\",\"target\":{\"@type\":\"EntryPoint\",\"urlTemplate\":\"http:\\\/\\\/josmaequipamiento.es\\\/?s={search_term_string}\"},\"query-input\":{\"@type\":\"PropertyValueSpecification\",\"valueRequired\":true,\"valueName\":\"search_term_string\"}}],\"inLanguage\":\"es\"}]}<\/script>\n<!-- \/ Yoast SEO plugin. -->","yoast_head_json":{"title":"Mesa Quatro - Josma Equipamiento","robots":{"index":"index","follow":"follow","max-snippet":"max-snippet:-1","max-image-preview":"max-image-preview:large","max-video-preview":"max-video-preview:-1"},"canonical":"http:\/\/josmaequipamiento.es\/?product=mesa-quatro","og_locale":"es_ES","og_type":"article","og_title":"Mesa Quatro - Josma Equipamiento","og_description":"Mesa para aulas de formaci\u00f3n estructura rectangular o trapezoidal. Su estructura perimetral en tubo de 40x20 mm y sus patas de tubo cuadrado de 40x40 \u00f3 redondo \u00a0\u1d13 50 mm, construyen la estructura perfectamente permitiendo un uso muy prolongado sin que exista ning\u00fan tipo de movimiento en el conjunto.","og_url":"http:\/\/josmaequipamiento.es\/?product=mesa-quatro","og_site_name":"Josma Equipamiento","article_modified_time":"2016-07-28T10:22:39+00:00","og_image":[{"width":640,"height":480,"url":"http:\/\/josmaequipamiento.es\/wp-content\/uploads\/2016\/06\/modular_quatro_ambiente.jpg","type":"image\/jpeg"}],"twitter_card":"summary_large_image","twitter_misc":{"Tiempo de lectura":"1 minuto"},"schema":{"@context":"https:\/\/schema.org","@graph":[{"@type":"WebPage","@id":"http:\/\/josmaequipamiento.es\/?product=mesa-quatro","url":"http:\/\/josmaequipamiento.es\/?product=mesa-quatro","name":"Mesa Quatro - Josma Equipamiento","isPartOf":{"@id":"http:\/\/josmaequipamiento.es\/#website"},"primaryImageOfPage":{"@id":"http:\/\/josmaequipamiento.es\/?product=mesa-quatro#primaryimage"},"image":{"@id":"http:\/\/josmaequipamiento.es\/?product=mesa-quatro#primaryimage"},"thumbnailUrl":"https:\/\/josmaequipamiento.es\/wp-content\/uploads\/2016\/06\/modular_quatro_ambiente.jpg","datePublished":"2016-06-12T15:35:29+00:00","dateModified":"2016-07-28T10:22:39+00:00","breadcrumb":{"@id":"http:\/\/josmaequipamiento.es\/?product=mesa-quatro#breadcrumb"},"inLanguage":"es","potentialAction":[{"@type":"ReadAction","target":["http:\/\/josmaequipamiento.es\/?product=mesa-quatro"]}]},{"@type":"ImageObject","inLanguage":"es","@id":"http:\/\/josmaequipamiento.es\/?product=mesa-quatro#primaryimage","url":"https:\/\/josmaequipamiento.es\/wp-content\/uploads\/2016\/06\/modular_quatro_ambiente.jpg","contentUrl":"https:\/\/josmaequipamiento.es\/wp-content\/uploads\/2016\/06\/modular_quatro_ambiente.jpg","width":640,"height":480},{"@type":"BreadcrumbList","@id":"http:\/\/josmaequipamiento.es\/?product=mesa-quatro#breadcrumb","itemListElement":[{"@type":"ListItem","position":1,"name":"Home","item":"http:\/\/josmaequipamiento.es\/"},{"@type":"ListItem","position":2,"name":"Productos","item":"http:\/\/josmaequipamiento.es\/?page_id=109"},{"@type":"ListItem","position":3,"name":"Mesa Quatro"}]},{"@type":"WebSite","@id":"http:\/\/josmaequipamiento.es\/#website","url":"http:\/\/josmaequipamiento.es\/","name":"Josma Equipamiento","description":"Todo lo relativo a equipamiento","potentialAction":[{"@type":"SearchAction","target":{"@type":"EntryPoint","urlTemplate":"http:\/\/josmaequipamiento.es\/?s={search_term_string}"},"query-input":{"@type":"PropertyValueSpecification","valueRequired":true,"valueName":"search_term_string"}}],"inLanguage":"es"}]}},"_links":{"self":[{"href":"https:\/\/josmaequipamiento.es\/index.php?rest_route=\/wp\/v2\/product\/965","targetHints":{"allow":["GET"]}}],"collection":[{"href":"https:\/\/josmaequipamiento.es\/index.php?rest_route=\/wp\/v2\/product"}],"about":[{"href":"https:\/\/josmaequipamiento.es\/index.php?rest_route=\/wp\/v2\/types\/product"}],"replies":[{"embeddable":true,"href":"https:\/\/josmaequipamiento.es\/index.php?rest_route=%2Fwp%2Fv2%2Fcomments&post=965"}],"wp:featuredmedia":[{"embeddable":true,"href":"https:\/\/josmaequipamiento.es\/index.php?rest_route=\/wp\/v2\/media\/2243"}],"wp:attachment":[{"href":"https:\/\/josmaequipamiento.es\/index.php?rest_route=%2Fwp%2Fv2%2Fmedia&parent=965"}],"wp:term":[{"taxonomy":"product_brand","embeddable":true,"href":"https:\/\/josmaequipamiento.es\/index.php?rest_route=%2Fwp%2Fv2%2Fproduct_brand&post=965"},{"taxonomy":"product_cat","embeddable":true,"href":"https:\/\/josmaequipamiento.es\/index.php?rest_route=%2Fwp%2Fv2%2Fproduct_cat&post=965"},{"taxonomy":"product_tag","embeddable":true,"href":"https:\/\/josmaequipamiento.es\/index.php?rest_route=%2Fwp%2Fv2%2Fproduct_tag&post=965"}],"curies":[{"name":"wp","href":"https:\/\/api.w.org\/{rel}","templated":true}]}}