{"id":980,"date":"2016-06-12T16:57:25","date_gmt":"2016-06-12T16:57:25","guid":{"rendered":"http:\/\/josmaequipamiento.es\/?post_type=product&#038;p=980"},"modified":"2016-07-31T09:26:05","modified_gmt":"2016-07-31T09:26:05","slug":"litera-abatible-plec","status":"publish","type":"product","link":"https:\/\/josmaequipamiento.es\/?product=litera-abatible-plec","title":{"rendered":"Litera Abatible Plec"},"content":{"rendered":"<p><span style=\"color: #000000; font-family: Calibri; font-size: medium;\">La litera abatible Plec es ideal para establecimientos de gran capacidad pero de poco espacio. Est\u00e1 fabricada con tubo circular de 60 mm de acero de 1,5 mm de espesor, remachada y soldada. Caracter\u00edstica de robustez, durabilidad y dise\u00f1o. Acabado de pintura epoxi-poli\u00e9ster con acabado texturado fino. Medidas: 90&#215;190 <\/span><\/p>\n","protected":false},"excerpt":{"rendered":"<p><span style=\"color: #000000; font-family: Calibri; font-size: medium;\">La litera abatible Plec es ideal para establecimientos de gran capacidad pero de poco espacio. Est\u00e1 fabricada con tubo circular de 60 mm de acero de 1,5 mm de espesor, remachada y soldada. Caracter\u00edstica de robustez, durabilidad y dise\u00f1o. Acabado de pintura epoxi-poli\u00e9ster con acabado texturado fino. Medidas: 90&#215;190 <\/span><\/p>\n","protected":false},"featured_media":2305,"comment_status":"open","ping_status":"closed","template":"","meta":{"_et_pb_use_builder":"","_et_pb_old_content":"","_et_gb_content_width":""},"product_brand":[],"product_cat":[77,81],"product_tag":[194],"class_list":{"0":"post-980","1":"product","2":"type-product","3":"status-publish","4":"has-post-thumbnail","6":"product_cat-instalacion-y-colectividades","7":"product_cat-albergues","8":"product_tag-mobiliario-albergues","10":"first","11":"instock","12":"shipping-taxable","13":"product-type-simple"},"yoast_head":"<!-- This site is optimized with the Yoast SEO plugin v27.3 - https:\/\/yoast.com\/product\/yoast-seo-wordpress\/ -->\n<title>Litera Abatible Plec - Josma Equipamiento<\/title>\n<meta name=\"robots\" content=\"index, follow, max-snippet:-1, max-image-preview:large, max-video-preview:-1\" \/>\n<link rel=\"canonical\" href=\"https:\/\/josmaequipamiento.es\/?product=litera-abatible-plec\" \/>\n<meta property=\"og:locale\" content=\"es_ES\" \/>\n<meta property=\"og:type\" content=\"article\" \/>\n<meta property=\"og:title\" content=\"Litera Abatible Plec - Josma Equipamiento\" \/>\n<meta property=\"og:description\" content=\"La litera abatible Plec es ideal para establecimientos de gran capacidad pero de poco espacio. Est\u00e1 fabricada con tubo circular de 60 mm de acero de 1,5 mm de espesor, remachada y soldada. Caracter\u00edstica de robustez, durabilidad y dise\u00f1o. Acabado de pintura epoxi-poli\u00e9ster con acabado texturado fino. Medidas: 90x190\" \/>\n<meta property=\"og:url\" content=\"https:\/\/josmaequipamiento.es\/?product=litera-abatible-plec\" \/>\n<meta property=\"og:site_name\" content=\"Josma Equipamiento\" \/>\n<meta property=\"article:modified_time\" content=\"2016-07-31T09:26:05+00:00\" \/>\n<meta property=\"og:image\" content=\"https:\/\/josmaequipamiento.es\/wp-content\/uploads\/2016\/06\/litera_abatible_duna.jpg\" \/>\n\t<meta property=\"og:image:width\" content=\"640\" \/>\n\t<meta property=\"og:image:height\" content=\"480\" \/>\n\t<meta property=\"og:image:type\" content=\"image\/jpeg\" \/>\n<meta name=\"twitter:card\" content=\"summary_large_image\" \/>\n<script type=\"application\/ld+json\" class=\"yoast-schema-graph\">{\"@context\":\"https:\\\/\\\/schema.org\",\"@graph\":[{\"@type\":\"WebPage\",\"@id\":\"https:\\\/\\\/josmaequipamiento.es\\\/?product=litera-abatible-plec\",\"url\":\"https:\\\/\\\/josmaequipamiento.es\\\/?product=litera-abatible-plec\",\"name\":\"Litera Abatible Plec - Josma Equipamiento\",\"isPartOf\":{\"@id\":\"http:\\\/\\\/josmaequipamiento.es\\\/#website\"},\"primaryImageOfPage\":{\"@id\":\"https:\\\/\\\/josmaequipamiento.es\\\/?product=litera-abatible-plec#primaryimage\"},\"image\":{\"@id\":\"https:\\\/\\\/josmaequipamiento.es\\\/?product=litera-abatible-plec#primaryimage\"},\"thumbnailUrl\":\"https:\\\/\\\/josmaequipamiento.es\\\/wp-content\\\/uploads\\\/2016\\\/06\\\/litera_abatible_duna.jpg\",\"datePublished\":\"2016-06-12T16:57:25+00:00\",\"dateModified\":\"2016-07-31T09:26:05+00:00\",\"breadcrumb\":{\"@id\":\"https:\\\/\\\/josmaequipamiento.es\\\/?product=litera-abatible-plec#breadcrumb\"},\"inLanguage\":\"es\",\"potentialAction\":[{\"@type\":\"ReadAction\",\"target\":[\"https:\\\/\\\/josmaequipamiento.es\\\/?product=litera-abatible-plec\"]}]},{\"@type\":\"ImageObject\",\"inLanguage\":\"es\",\"@id\":\"https:\\\/\\\/josmaequipamiento.es\\\/?product=litera-abatible-plec#primaryimage\",\"url\":\"https:\\\/\\\/josmaequipamiento.es\\\/wp-content\\\/uploads\\\/2016\\\/06\\\/litera_abatible_duna.jpg\",\"contentUrl\":\"https:\\\/\\\/josmaequipamiento.es\\\/wp-content\\\/uploads\\\/2016\\\/06\\\/litera_abatible_duna.jpg\",\"width\":640,\"height\":480},{\"@type\":\"BreadcrumbList\",\"@id\":\"https:\\\/\\\/josmaequipamiento.es\\\/?product=litera-abatible-plec#breadcrumb\",\"itemListElement\":[{\"@type\":\"ListItem\",\"position\":1,\"name\":\"Home\",\"item\":\"http:\\\/\\\/josmaequipamiento.es\\\/\"},{\"@type\":\"ListItem\",\"position\":2,\"name\":\"Productos\",\"item\":\"http:\\\/\\\/josmaequipamiento.es\\\/?page_id=109\"},{\"@type\":\"ListItem\",\"position\":3,\"name\":\"Litera Abatible Plec\"}]},{\"@type\":\"WebSite\",\"@id\":\"http:\\\/\\\/josmaequipamiento.es\\\/#website\",\"url\":\"http:\\\/\\\/josmaequipamiento.es\\\/\",\"name\":\"Josma Equipamiento\",\"description\":\"Todo lo relativo a equipamiento\",\"potentialAction\":[{\"@type\":\"SearchAction\",\"target\":{\"@type\":\"EntryPoint\",\"urlTemplate\":\"http:\\\/\\\/josmaequipamiento.es\\\/?s={search_term_string}\"},\"query-input\":{\"@type\":\"PropertyValueSpecification\",\"valueRequired\":true,\"valueName\":\"search_term_string\"}}],\"inLanguage\":\"es\"}]}<\/script>\n<!-- \/ Yoast SEO plugin. -->","yoast_head_json":{"title":"Litera Abatible Plec - Josma Equipamiento","robots":{"index":"index","follow":"follow","max-snippet":"max-snippet:-1","max-image-preview":"max-image-preview:large","max-video-preview":"max-video-preview:-1"},"canonical":"https:\/\/josmaequipamiento.es\/?product=litera-abatible-plec","og_locale":"es_ES","og_type":"article","og_title":"Litera Abatible Plec - Josma Equipamiento","og_description":"La litera abatible Plec es ideal para establecimientos de gran capacidad pero de poco espacio. Est\u00e1 fabricada con tubo circular de 60 mm de acero de 1,5 mm de espesor, remachada y soldada. Caracter\u00edstica de robustez, durabilidad y dise\u00f1o. Acabado de pintura epoxi-poli\u00e9ster con acabado texturado fino. Medidas: 90x190","og_url":"https:\/\/josmaequipamiento.es\/?product=litera-abatible-plec","og_site_name":"Josma Equipamiento","article_modified_time":"2016-07-31T09:26:05+00:00","og_image":[{"width":640,"height":480,"url":"https:\/\/josmaequipamiento.es\/wp-content\/uploads\/2016\/06\/litera_abatible_duna.jpg","type":"image\/jpeg"}],"twitter_card":"summary_large_image","schema":{"@context":"https:\/\/schema.org","@graph":[{"@type":"WebPage","@id":"https:\/\/josmaequipamiento.es\/?product=litera-abatible-plec","url":"https:\/\/josmaequipamiento.es\/?product=litera-abatible-plec","name":"Litera Abatible Plec - Josma Equipamiento","isPartOf":{"@id":"http:\/\/josmaequipamiento.es\/#website"},"primaryImageOfPage":{"@id":"https:\/\/josmaequipamiento.es\/?product=litera-abatible-plec#primaryimage"},"image":{"@id":"https:\/\/josmaequipamiento.es\/?product=litera-abatible-plec#primaryimage"},"thumbnailUrl":"https:\/\/josmaequipamiento.es\/wp-content\/uploads\/2016\/06\/litera_abatible_duna.jpg","datePublished":"2016-06-12T16:57:25+00:00","dateModified":"2016-07-31T09:26:05+00:00","breadcrumb":{"@id":"https:\/\/josmaequipamiento.es\/?product=litera-abatible-plec#breadcrumb"},"inLanguage":"es","potentialAction":[{"@type":"ReadAction","target":["https:\/\/josmaequipamiento.es\/?product=litera-abatible-plec"]}]},{"@type":"ImageObject","inLanguage":"es","@id":"https:\/\/josmaequipamiento.es\/?product=litera-abatible-plec#primaryimage","url":"https:\/\/josmaequipamiento.es\/wp-content\/uploads\/2016\/06\/litera_abatible_duna.jpg","contentUrl":"https:\/\/josmaequipamiento.es\/wp-content\/uploads\/2016\/06\/litera_abatible_duna.jpg","width":640,"height":480},{"@type":"BreadcrumbList","@id":"https:\/\/josmaequipamiento.es\/?product=litera-abatible-plec#breadcrumb","itemListElement":[{"@type":"ListItem","position":1,"name":"Home","item":"http:\/\/josmaequipamiento.es\/"},{"@type":"ListItem","position":2,"name":"Productos","item":"http:\/\/josmaequipamiento.es\/?page_id=109"},{"@type":"ListItem","position":3,"name":"Litera Abatible Plec"}]},{"@type":"WebSite","@id":"http:\/\/josmaequipamiento.es\/#website","url":"http:\/\/josmaequipamiento.es\/","name":"Josma Equipamiento","description":"Todo lo relativo a equipamiento","potentialAction":[{"@type":"SearchAction","target":{"@type":"EntryPoint","urlTemplate":"http:\/\/josmaequipamiento.es\/?s={search_term_string}"},"query-input":{"@type":"PropertyValueSpecification","valueRequired":true,"valueName":"search_term_string"}}],"inLanguage":"es"}]}},"_links":{"self":[{"href":"https:\/\/josmaequipamiento.es\/index.php?rest_route=\/wp\/v2\/product\/980","targetHints":{"allow":["GET"]}}],"collection":[{"href":"https:\/\/josmaequipamiento.es\/index.php?rest_route=\/wp\/v2\/product"}],"about":[{"href":"https:\/\/josmaequipamiento.es\/index.php?rest_route=\/wp\/v2\/types\/product"}],"replies":[{"embeddable":true,"href":"https:\/\/josmaequipamiento.es\/index.php?rest_route=%2Fwp%2Fv2%2Fcomments&post=980"}],"wp:featuredmedia":[{"embeddable":true,"href":"https:\/\/josmaequipamiento.es\/index.php?rest_route=\/wp\/v2\/media\/2305"}],"wp:attachment":[{"href":"https:\/\/josmaequipamiento.es\/index.php?rest_route=%2Fwp%2Fv2%2Fmedia&parent=980"}],"wp:term":[{"taxonomy":"product_brand","embeddable":true,"href":"https:\/\/josmaequipamiento.es\/index.php?rest_route=%2Fwp%2Fv2%2Fproduct_brand&post=980"},{"taxonomy":"product_cat","embeddable":true,"href":"https:\/\/josmaequipamiento.es\/index.php?rest_route=%2Fwp%2Fv2%2Fproduct_cat&post=980"},{"taxonomy":"product_tag","embeddable":true,"href":"https:\/\/josmaequipamiento.es\/index.php?rest_route=%2Fwp%2Fv2%2Fproduct_tag&post=980"}],"curies":[{"name":"wp","href":"https:\/\/api.w.org\/{rel}","templated":true}]}}